{"id":85,"date":"2024-04-12T05:58:11","date_gmt":"2024-04-12T05:58:11","guid":{"rendered":"https:\/\/bauer-emma.web.kslinz.at\/bauere2024\/?page_id=85"},"modified":"2024-05-16T22:12:08","modified_gmt":"2024-05-16T22:12:08","slug":"me","status":"publish","type":"page","link":"https:\/\/bauer-emma.web.kslinz.at\/bauere2024\/?page_id=85","title":{"rendered":"ME"},"content":{"rendered":"\n<p>Hallo und herzlich willkommen auf meiner Seite! Ich bin Emma Bauer, eine 16-j\u00e4hrige Tanz- und Musikliebhaberin und kreative Kopf aus Sankt Florian. Es freut mich sehr, dass du hierher gefunden hast, und ich bin gespannt darauf, dir einen Einblick in meine Welt zu geben.<\/p>\n\n\n\n<p>F\u00fcr mich ist das Tanzen nicht nur ein Hobby, sondern eine Leidenschaft, die mich seit meiner Kindheit begleitet. Von den rhythmischen Beats des Hip-Hop bis zum klassischen Balletts &#8211; auf der Tanzfl\u00e4che f\u00fchle ich mich am wohlsten. <\/p>\n\n\n\n<p>Doch neben dem Tanz bin ich auch eine begeisterte f\u00fcr kreative Dinge. Aktuell besuche ich die <a href=\"https:\/\/mediendesignschule.at\/\" data-type=\"link\" data-id=\"https:\/\/mediendesignschule.at\/\">HLW f\u00fcr Kommunikations- und Mediendesign<\/a> in Linz. Aktuell arbeiten wir mit dem Adobe Programm <a href=\"https:\/\/bauer-emma.web.kslinz.at\/bauere2024\/?page_id=100\" data-type=\"page\" data-id=\"100\">Photoshop<\/a>. Letztes Jahr besch\u00e4ftigten wir uns mit dem <a href=\"https:\/\/bauer-emma.web.kslinz.at\/bauere2024\/?page_id=100\" data-type=\"page\" data-id=\"100\">Illustrator<\/a>. Mir macht es einfach Spa\u00df coole Plakate, Werbungen, etc,.. zu gestalten<\/p>\n\n\n\n<p>Und nat\u00fcrlich w\u00e4re das alles nicht halb so sch\u00f6n ohne meine Freunde. Sie sind meine Motivation  und meine gr\u00f6\u00dften &#8222;Supporter&#8220;.  Ich bin dankbar f\u00fcr jeden Moment, den ich mit ihnen teilen darf.<\/p>\n\n\n\n<div class=\"wp-block-greenshift-blocks-image gspb_image gspb_image-id-gsbp-892cd78\" id=\"gspb_image-id-gsbp-892cd78\"><img loading=\"lazy\" decoding=\"async\" src=\"https:\/\/bauer-emma.web.kslinz.at\/bauere2024\/wp-content\/uploads\/2024\/05\/MicrosoftTeams-image-12.jpg\" data-src=\"\" alt=\"\" loading=\"lazy\" width=\"1242\" height=\"2208\"\/><\/div>\n","protected":false},"excerpt":{"rendered":"<p>Hallo und herzlich willkommen auf meiner Seite! Ich bin Emma Bauer, eine 16-j\u00e4hrige Tanz- und Musikliebhaberin und kreative Kopf aus Sankt Florian. Es freut mich sehr, dass du hierher gefunden hast, und ich bin gespannt darauf, dir einen Einblick in meine Welt zu geben. F\u00fcr mich ist das Tanzen nicht nur ein Hobby, sondern eine [&hellip;]<\/p>\n","protected":false},"author":1,"featured_media":0,"parent":0,"menu_order":0,"comment_status":"closed","ping_status":"closed","template":"","meta":{"_gspb_post_css":"#gspb_image-id-gsbp-892cd78 img{vertical-align:top;display:inline-block;box-sizing:border-box;max-width:100%;height:auto}","footnotes":""},"class_list":["post-85","page","type-page","status-publish","hentry"],"_links":{"self":[{"href":"https:\/\/bauer-emma.web.kslinz.at\/bauere2024\/index.php?rest_route=\/wp\/v2\/pages\/85","targetHints":{"allow":["GET"]}}],"collection":[{"href":"https:\/\/bauer-emma.web.kslinz.at\/bauere2024\/index.php?rest_route=\/wp\/v2\/pages"}],"about":[{"href":"https:\/\/bauer-emma.web.kslinz.at\/bauere2024\/index.php?rest_route=\/wp\/v2\/types\/page"}],"author":[{"embeddable":true,"href":"https:\/\/bauer-emma.web.kslinz.at\/bauere2024\/index.php?rest_route=\/wp\/v2\/users\/1"}],"replies":[{"embeddable":true,"href":"https:\/\/bauer-emma.web.kslinz.at\/bauere2024\/index.php?rest_route=%2Fwp%2Fv2%2Fcomments&post=85"}],"version-history":[{"count":9,"href":"https:\/\/bauer-emma.web.kslinz.at\/bauere2024\/index.php?rest_route=\/wp\/v2\/pages\/85\/revisions"}],"predecessor-version":[{"id":146,"href":"https:\/\/bauer-emma.web.kslinz.at\/bauere2024\/index.php?rest_route=\/wp\/v2\/pages\/85\/revisions\/146"}],"wp:attachment":[{"href":"https:\/\/bauer-emma.web.kslinz.at\/bauere2024\/index.php?rest_route=%2Fwp%2Fv2%2Fmedia&parent=85"}],"curies":[{"name":"wp","href":"https:\/\/api.w.org\/{rel}","templated":true}]}}